{"id":358,"date":"2020-08-20T13:13:55","date_gmt":"2020-08-20T13:13:55","guid":{"rendered":"https:\/\/mantenimientoslaorquidea.com\/?page_id=358"},"modified":"2023-02-21T01:01:41","modified_gmt":"2023-02-21T01:01:41","slug":"services","status":"publish","type":"page","link":"https:\/\/mantenimientoslaorquidea.com\/?page_id=358","title":{"rendered":"Nuestros Servicios"},"content":{"rendered":"\n<p><strong><em>En Mantenimientos La Orqu\u00eddea Sas, nos preocupamos por dar la mejor calidad y respaldo en nuestra gran variedad de servicios, contamos con el mejor talento Humano para lograr los objetivos y satisfacer las necesidades de nuestros clientes<\/em><\/strong><\/p>\n\n\n\n<div class=\"wp-block-uagb-container uagb-block-65f98677 alignfull uagb-is-root-container\"><div class=\"uagb-container-inner-blocks-wrap\">\n<div class=\"wp-block-uagb-container uagb-block-d31a02d9\">\n<div class=\"wp-block-uagb-container uagb-block-6136d459\">\n<div class=\"wp-block-uagb-info-box uagb-block-685d09df uagb-infobox__content-wrap  uagb-infobox-icon-above-title uagb-infobox-image-valign-top\"><div class=\"uagb-ifb-content\"><div class=\"uagb-ifb-title-wrap\"><span class=\"uagb-ifb-title-prefix\">01.\u200b<\/span><h2 class=\"uagb-ifb-title\"><em>Tala de \u00e1rboles<\/em><\/h2><\/div><\/div><\/div>\n<\/div>\n\n\n\n<div class=\"wp-block-uagb-container uagb-block-07c9f173\">\n<div class=\"wp-block-uagb-info-box uagb-block-b0d402ff uagb-infobox__content-wrap  uagb-infobox-icon-above-title uagb-infobox-image-valign-top\"><div class=\"uagb-ifb-content\"><div class=\"uagb-ifb-title-wrap\"><\/div><div class=\"uagb-ifb-separator\"><\/div><p class=\"uagb-ifb-desc\"><em>La actividad de tala consiste en la eliminaci\u00f3n de todo el individuo arb\u00f3reo, en diferentes casos esta actividad se realiza de manera controlada o de ca\u00edda libre; el cu\u00e1l depende de la ubicaci\u00f3n de los individuos arb\u00f3reos para lo cual se utiliza el procedimiento adecuado. Esto con el fin de evitar da\u00f1os en redes el\u00e9ctricas, edificaciones y peatones, entre otros.<\/em><\/p><\/div><\/div>\n<\/div>\n\n\n\n<div class=\"wp-block-uagb-container uagb-block-c662d932\">\n<div class=\"wp-block-uagb-image uagb-block-f221e681 wp-block-uagb-image--layout-default wp-block-uagb-image--effect-static wp-block-uagb-image--align-none\"><figure class=\"wp-block-uagb-image__figure\"><img decoding=\"async\" srcset=\"https:\/\/mantenimientoslaorquidea.com\/wp-content\/uploads\/2023\/02\/WhatsApp-Image-2023-02-20-at-2.42.03-PM-3-768x1024.jpeg ,https:\/\/mantenimientoslaorquidea.com\/wp-content\/uploads\/2020\/08\/photography-of-pathway-surrounded-by-plants-1.jpg 780w, https:\/\/mantenimientoslaorquidea.com\/wp-content\/uploads\/2020\/08\/photography-of-pathway-surrounded-by-plants-1.jpg 360w\" src=\"https:\/\/mantenimientoslaorquidea.com\/wp-content\/uploads\/2023\/02\/WhatsApp-Image-2023-02-20-at-2.42.03-PM-3-768x1024.jpeg\" alt=\"\" class=\"uag-image-717\" width=\"\" height=\"\" title=\"\" loading=\"lazy\"\/><\/figure><\/div>\n<\/div>\n<\/div>\n\n\n\n<div class=\"wp-block-uagb-container uagb-block-bec59d67\">\n<div class=\"wp-block-uagb-container uagb-block-20bf5645\">\n<div class=\"wp-block-uagb-info-box uagb-block-b774365f uagb-infobox__content-wrap  uagb-infobox-icon-above-title uagb-infobox-image-valign-top\"><div class=\"uagb-ifb-content\"><div class=\"uagb-ifb-title-wrap\"><span class=\"uagb-ifb-title-prefix\">02.\u200b<\/span><h2 class=\"uagb-ifb-title\">Disposici\u00f3n Final del Material Vegetal\u200b<\/h2><\/div><\/div><\/div>\n<\/div>\n\n\n\n<div class=\"wp-block-uagb-container uagb-block-be8738a8\">\n<div class=\"wp-block-uagb-info-box uagb-block-841905e2 uagb-infobox__content-wrap  uagb-infobox-icon-above-title uagb-infobox-image-valign-top\"><div class=\"uagb-ifb-content\"><div class=\"uagb-ifb-title-wrap\"><\/div><div class=\"uagb-ifb-separator\"><\/div><p class=\"uagb-ifb-desc\"><em>Dentro del desarrollo de las diversas actividades silviculturales se generan grandes vol\u00famenes de material vegetal que son necesarios darles un manejo adecuado y su disposici\u00f3n final en sitios permitidos o autorizados por las autoridades Ambientales.<\/em><\/p><\/div><\/div>\n<\/div>\n\n\n\n<div class=\"wp-block-uagb-container uagb-block-60b06c6b\">\n<div class=\"wp-block-uagb-image uagb-block-cf44de6a wp-block-uagb-image--layout-default wp-block-uagb-image--effect-static wp-block-uagb-image--align-none\"><figure class=\"wp-block-uagb-image__figure\"><img decoding=\"async\" srcset=\"https:\/\/mantenimientoslaorquidea.com\/wp-content\/uploads\/2023\/02\/WhatsApp-Image-2023-02-20-at-2.42.02-PM-768x1024.jpeg ,https:\/\/mantenimientoslaorquidea.com\/wp-content\/uploads\/2020\/08\/watering-plants-with-a-watering-can.jpg 780w, https:\/\/mantenimientoslaorquidea.com\/wp-content\/uploads\/2020\/08\/watering-plants-with-a-watering-can.jpg 360w\" src=\"https:\/\/mantenimientoslaorquidea.com\/wp-content\/uploads\/2023\/02\/WhatsApp-Image-2023-02-20-at-2.42.02-PM-768x1024.jpeg\" alt=\"\" class=\"uag-image-722\" width=\"\" height=\"\" title=\"\" loading=\"lazy\"\/><\/figure><\/div>\n<\/div>\n<\/div>\n\n\n\n<div class=\"wp-block-uagb-container uagb-block-1869a3f8\">\n<div class=\"wp-block-uagb-container uagb-block-d331c8da\">\n<div class=\"wp-block-uagb-info-box uagb-block-5b0e6c42 uagb-infobox__content-wrap  uagb-infobox-icon-above-title uagb-infobox-image-valign-top\"><div class=\"uagb-ifb-content\"><div class=\"uagb-ifb-title-wrap\"><span class=\"uagb-ifb-title-prefix\">03.\u200b<\/span><h2 class=\"uagb-ifb-title\">Bloqueo y traslado de \u00e1rboles<\/h2><\/div><\/div><\/div>\n<\/div>\n\n\n\n<div class=\"wp-block-uagb-container uagb-block-d85acb87\">\n<div class=\"wp-block-uagb-info-box uagb-block-68b18d95 uagb-infobox__content-wrap  uagb-infobox-icon-above-title uagb-infobox-image-valign-top\"><div class=\"uagb-ifb-content\"><div class=\"uagb-ifb-title-wrap\"><\/div><div class=\"uagb-ifb-separator\"><\/div><p class=\"uagb-ifb-desc\"><em>Esta actividad consiste en la remoci\u00f3n de \u00e1rboles de un sitio en el que est\u00e1n establecidos, su traslado y reubicaci\u00f3n en otro lugar. Dicha actividad se realiza seg\u00fan los procedimientos establecidos por el manual de silvicultura urbana de Bogot\u00e1.<\/em><\/p><\/div><\/div>\n<\/div>\n\n\n\n<div class=\"wp-block-uagb-container uagb-block-42b4d705\">\n<div class=\"wp-block-uagb-image uagb-block-61321a40 wp-block-uagb-image--layout-default wp-block-uagb-image--effect-static wp-block-uagb-image--align-none\"><figure class=\"wp-block-uagb-image__figure\"><img decoding=\"async\" srcset=\"https:\/\/mantenimientoslaorquidea.com\/wp-content\/uploads\/2023\/02\/WhatsApp-Image-2023-02-20-at-2.42.03-PM-10-768x1024.jpeg ,https:\/\/mantenimientoslaorquidea.com\/wp-content\/uploads\/2020\/08\/field-of-trees-near-grass-1.jpg 780w, https:\/\/mantenimientoslaorquidea.com\/wp-content\/uploads\/2020\/08\/field-of-trees-near-grass-1.jpg 360w\" src=\"https:\/\/mantenimientoslaorquidea.com\/wp-content\/uploads\/2023\/02\/WhatsApp-Image-2023-02-20-at-2.42.03-PM-10-768x1024.jpeg\" alt=\"\" class=\"uag-image-710\" width=\"\" height=\"\" title=\"\" loading=\"lazy\"\/><\/figure><\/div>\n<\/div>\n<\/div>\n\n\n\n<div class=\"wp-block-uagb-container uagb-block-db64a820\">\n<div class=\"wp-block-uagb-container uagb-block-2c108a93\">\n<div class=\"wp-block-uagb-info-box uagb-block-1babf3c1 uagb-infobox__content-wrap  uagb-infobox-icon-above-title uagb-infobox-image-valign-top\"><div class=\"uagb-ifb-content\"><div class=\"uagb-ifb-icon-wrap\"><svg xmlns=\"https:\/\/www.w3.org\/2000\/svg\" viewBox=\"0 0 512 512\"><path d=\"M0 256C0 114.6 114.6 0 256 0C397.4 0 512 114.6 512 256C512 397.4 397.4 512 256 512C114.6 512 0 397.4 0 256zM371.8 211.8C382.7 200.9 382.7 183.1 371.8 172.2C360.9 161.3 343.1 161.3 332.2 172.2L224 280.4L179.8 236.2C168.9 225.3 151.1 225.3 140.2 236.2C129.3 247.1 129.3 264.9 140.2 275.8L204.2 339.8C215.1 350.7 232.9 350.7 243.8 339.8L371.8 211.8z\"><\/path><\/svg><\/div><div class=\"uagb-ifb-title-wrap\"><span class=\"uagb-ifb-title-prefix\">04.\u200b<\/span><h3 class=\"uagb-ifb-title\"><em>Siembra y Mantenimiento de \u00e1rboles<\/em><\/h3><\/div><\/div><\/div>\n<\/div>\n\n\n\n<div class=\"wp-block-uagb-container uagb-block-cd8a8cc2\">\n<div class=\"wp-block-uagb-info-box uagb-block-0484c277 uagb-infobox__content-wrap  uagb-infobox-icon-above-title uagb-infobox-image-valign-top\"><div class=\"uagb-ifb-content\"><div class=\"uagb-ifb-title-wrap\"><\/div><div class=\"uagb-ifb-separator\"><\/div><p class=\"uagb-ifb-desc\"><em>El objetivo es extraer completamente los troncos de los \u00e1rboles que han sido talados de manera manual o mec\u00e1nica;&nbsp;para ello se utiliza las herramientas necesarias o maquinar\u00eda en algunos casos, esto con el fin de evitar da\u00f1os a redes secas o h\u00famedas.<\/em><\/p><\/div><\/div>\n<\/div>\n\n\n\n<div class=\"wp-block-uagb-container uagb-block-c1781757\">\n<div class=\"wp-block-uagb-image uagb-block-ab96f023 wp-block-uagb-image--layout-default wp-block-uagb-image--effect-static wp-block-uagb-image--align-none\"><figure class=\"wp-block-uagb-image__figure\"><img decoding=\"async\" srcset=\"https:\/\/mantenimientoslaorquidea.com\/wp-content\/uploads\/2023\/02\/WhatsApp-Image-2023-02-20-at-2.42.02-PM-1-768x1024.jpeg ,https:\/\/mantenimientoslaorquidea.com\/wp-content\/uploads\/2020\/08\/field-of-trees-near-grass-1.jpg 780w, https:\/\/mantenimientoslaorquidea.com\/wp-content\/uploads\/2020\/08\/field-of-trees-near-grass-1.jpg 360w\" src=\"https:\/\/mantenimientoslaorquidea.com\/wp-content\/uploads\/2023\/02\/WhatsApp-Image-2023-02-20-at-2.42.02-PM-1-768x1024.jpeg\" alt=\"\" class=\"uag-image-721\" width=\"\" height=\"\" title=\"\" loading=\"lazy\"\/><\/figure><\/div>\n<\/div>\n<\/div>\n\n\n\n<div class=\"wp-block-uagb-container uagb-block-36b8018f\">\n<div class=\"wp-block-uagb-container uagb-block-c29929f4\">\n<div class=\"wp-block-uagb-info-box uagb-block-38b7fcfe uagb-infobox__content-wrap  uagb-infobox-icon-above-title uagb-infobox-image-valign-top\"><div class=\"uagb-ifb-content\"><div class=\"uagb-ifb-title-wrap\"><span class=\"uagb-ifb-title-prefix\">05.\u200b<\/span><h2 class=\"uagb-ifb-title\"><em>Poda de \u00e1rboles<\/em><\/h2><\/div><\/div><\/div>\n<\/div>\n\n\n\n<div class=\"wp-block-uagb-container uagb-block-1703c397\">\n<div class=\"wp-block-uagb-info-box uagb-block-34d842fa uagb-infobox__content-wrap  uagb-infobox-icon-above-title uagb-infobox-image-valign-top\"><div class=\"uagb-ifb-content\"><div class=\"uagb-ifb-title-wrap\"><\/div><div class=\"uagb-ifb-separator\"><\/div><p class=\"uagb-ifb-desc\"><em>Poda radicular.&nbsp;<br>Poda de formaci\u00f3n.&nbsp;<br>Poda de mejoramiento.&nbsp;<br>Poda de equilibrio.<br>&nbsp;Poda sanitarias..<\/em><\/p><\/div><\/div>\n<\/div>\n\n\n\n<div class=\"wp-block-uagb-container uagb-block-1f03ffd6\">\n<div class=\"wp-block-uagb-image uagb-block-f03b8689 wp-block-uagb-image--layout-default wp-block-uagb-image--effect-static wp-block-uagb-image--align-none\"><figure class=\"wp-block-uagb-image__figure\"><img decoding=\"async\" srcset=\"https:\/\/mantenimientoslaorquidea.com\/wp-content\/uploads\/2023\/02\/WhatsApp-Image-2023-02-20-at-2.42.03-PM-6-768x1024.jpeg ,https:\/\/mantenimientoslaorquidea.com\/wp-content\/uploads\/2020\/08\/field-of-trees-near-grass-1.jpg 780w, https:\/\/mantenimientoslaorquidea.com\/wp-content\/uploads\/2020\/08\/field-of-trees-near-grass-1.jpg 360w\" src=\"https:\/\/mantenimientoslaorquidea.com\/wp-content\/uploads\/2023\/02\/WhatsApp-Image-2023-02-20-at-2.42.03-PM-6-768x1024.jpeg\" alt=\"\" class=\"uag-image-714\" width=\"\" height=\"\" title=\"\" loading=\"lazy\"\/><\/figure><\/div>\n<\/div>\n<\/div>\n\n\n\n<div class=\"wp-block-uagb-container uagb-block-954c429e\">\n<div class=\"wp-block-uagb-container uagb-block-183edb09\">\n<div class=\"wp-block-uagb-info-box uagb-block-68dbc407 uagb-infobox__content-wrap  uagb-infobox-icon-above-title uagb-infobox-image-valign-top\"><div class=\"uagb-ifb-content\"><div class=\"uagb-ifb-title-wrap\"><span class=\"uagb-ifb-title-prefix\">06.\u200b<\/span><h3 class=\"uagb-ifb-title\">Empradizaci\u00f3n en zonas planas y zonas verticales<\/h3><\/div><\/div><\/div>\n<\/div>\n\n\n\n<div class=\"wp-block-uagb-container uagb-block-c91e2b6d\">\n<div class=\"wp-block-uagb-info-box uagb-block-eade1a88 uagb-infobox__content-wrap  uagb-infobox-icon-above-title uagb-infobox-image-valign-top\"><div class=\"uagb-ifb-content\"><div class=\"uagb-ifb-title-wrap\"><\/div><div class=\"uagb-ifb-separator\"><\/div><p class=\"uagb-ifb-desc\"><em>Siembra.<br>Instalaci\u00f3n de cesped\u00f3n.&nbsp;<br>Siembra de pasto con semilla.&nbsp;<br>Mantenimiento.<\/em><\/p><\/div><\/div>\n<\/div>\n\n\n\n<div class=\"wp-block-uagb-container uagb-block-78087cce\">\n<div class=\"wp-block-uagb-image uagb-block-87981d1f wp-block-uagb-image--layout-default wp-block-uagb-image--effect-static wp-block-uagb-image--align-none\"><figure class=\"wp-block-uagb-image__figure\"><img decoding=\"async\" srcset=\"https:\/\/mantenimientoslaorquidea.com\/wp-content\/uploads\/2023\/02\/WhatsApp-Image-2023-02-20-at-2.42.03-PM-14-1024x768.jpeg ,https:\/\/mantenimientoslaorquidea.com\/wp-content\/uploads\/2020\/08\/field-of-trees-near-grass-1.jpg 780w, https:\/\/mantenimientoslaorquidea.com\/wp-content\/uploads\/2020\/08\/field-of-trees-near-grass-1.jpg 360w\" src=\"https:\/\/mantenimientoslaorquidea.com\/wp-content\/uploads\/2023\/02\/WhatsApp-Image-2023-02-20-at-2.42.03-PM-14-1024x768.jpeg\" alt=\"\" class=\"uag-image-706\" width=\"\" height=\"\" title=\"\" loading=\"lazy\"\/><\/figure><\/div>\n<\/div>\n<\/div>\n\n\n\n<div class=\"wp-block-uagb-container uagb-block-ca91bba3\">\n<div class=\"wp-block-uagb-container uagb-block-a7dadc62\">\n<div class=\"wp-block-uagb-info-box uagb-block-090f42a0 uagb-infobox__content-wrap  uagb-infobox-icon-above-title uagb-infobox-image-valign-top\"><div class=\"uagb-ifb-content\"><div class=\"uagb-ifb-title-wrap\"><span class=\"uagb-ifb-title-prefix\">07.\u200b<\/span><h2 class=\"uagb-ifb-title\">Suministro de Material Vegetal e insumos<\/h2><\/div><\/div><\/div>\n<\/div>\n\n\n\n<div class=\"wp-block-uagb-container uagb-block-d3dbaa6b\">\n<div class=\"wp-block-uagb-info-box uagb-block-a8098b67 uagb-infobox__content-wrap  uagb-infobox-icon-above-title uagb-infobox-image-valign-top\"><div class=\"uagb-ifb-content\"><div class=\"uagb-ifb-title-wrap\"><\/div><div class=\"uagb-ifb-separator\"><\/div><p class=\"uagb-ifb-desc\"><em>S<\/em><\/p><\/div><\/div>\n<\/div>\n\n\n\n<div class=\"wp-block-uagb-container uagb-block-a34c23cf\">\n<div class=\"wp-block-uagb-image uagb-block-79f6fb55 wp-block-uagb-image--layout-default wp-block-uagb-image--effect-static wp-block-uagb-image--align-none\"><figure class=\"wp-block-uagb-image__figure\"><img decoding=\"async\" srcset=\"https:\/\/mantenimientoslaorquidea.com\/wp-content\/uploads\/2023\/02\/WhatsApp-Image-2023-02-20-at-2.42.03-PM-9-768x1024.jpeg ,https:\/\/mantenimientoslaorquidea.com\/wp-content\/uploads\/2020\/08\/field-of-trees-near-grass-1.jpg 780w, https:\/\/mantenimientoslaorquidea.com\/wp-content\/uploads\/2020\/08\/field-of-trees-near-grass-1.jpg 360w\" src=\"https:\/\/mantenimientoslaorquidea.com\/wp-content\/uploads\/2023\/02\/WhatsApp-Image-2023-02-20-at-2.42.03-PM-9-768x1024.jpeg\" alt=\"\" class=\"uag-image-711\" width=\"\" height=\"\" title=\"\" loading=\"lazy\"\/><\/figure><\/div>\n<\/div>\n<\/div>\n<\/div><\/div>\n\n\n\n<div class=\"wp-block-uagb-container uagb-block-c7b3ede3 alignfull uagb-is-root-container\"><div class=\"uagb-container-inner-blocks-wrap\">\n<div class=\"wp-block-uagb-container uagb-block-336a2373\">\n<div class=\"wp-block-uagb-container uagb-block-2bcdb698\">\n<div class=\"wp-block-uagb-icon-list uagb-block-f6878118\"><div class=\"uagb-icon-list__wrap\"><\/div><\/div>\n<\/div>\n\n\n\n<div class=\"wp-block-uagb-container uagb-block-23eedad6\">\n<div class=\"wp-block-uagb-icon-list uagb-block-55574151\"><div class=\"uagb-icon-list__wrap\"><\/div><\/div>\n<\/div>\n\n\n\n<div class=\"wp-block-uagb-container uagb-block-f52ab3da\">\n<div class=\"wp-block-uagb-icon-list uagb-block-c84186a7\"><div class=\"uagb-icon-list__wrap\"><\/div><\/div>\n<\/div>\n<\/div>\n<\/div><\/div>\n\n\n\n<div class=\"wp-block-uagb-container uagb-block-bbd53899 alignfull uagb-is-root-container\"><div class=\"uagb-container-inner-blocks-wrap\"><\/div><\/div>\n","protected":false},"excerpt":{"rendered":"<p>En Mantenimientos La Orqu\u00eddea Sas, nos preocupamos por dar la mejor calidad y respaldo en nuestra gran variedad de servicios, contamos con el mejor talento Humano para lograr los objetivos y satisfacer las necesidades de nuestros clientes<\/p>\n","protected":false},"author":1,"featured_media":0,"parent":0,"menu_order":0,"comment_status":"closed","ping_status":"closed","template":"","meta":{"give_campaign_id":0,"_eb_attr":"","pagelayer_contact_templates":[],"_pagelayer_content":"","_uag_custom_page_level_css":"","footnotes":""},"class_list":["post-358","page","type-page","status-publish","hentry"],"campaignId":"","uagb_featured_image_src":{"full":false,"thumbnail":false,"medium":false,"medium_large":false,"large":false,"1536x1536":false,"2048x2048":false},"uagb_author_info":{"display_name":"comunicaciones","author_link":"https:\/\/mantenimientoslaorquidea.com\/?author=1"},"uagb_comment_info":0,"uagb_excerpt":"En Mantenimientos La Orqu\u00eddea Sas, nos preocupamos por dar la mejor calidad y respaldo en nuestra gran variedad de servicios, contamos con el mejor talento Humano para lograr los objetivos y satisfacer las necesidades de nuestros clientes","_links":{"self":[{"href":"https:\/\/mantenimientoslaorquidea.com\/index.php?rest_route=\/wp\/v2\/pages\/358","targetHints":{"allow":["GET"]}}],"collection":[{"href":"https:\/\/mantenimientoslaorquidea.com\/index.php?rest_route=\/wp\/v2\/pages"}],"about":[{"href":"https:\/\/mantenimientoslaorquidea.com\/index.php?rest_route=\/wp\/v2\/types\/page"}],"author":[{"embeddable":true,"href":"https:\/\/mantenimientoslaorquidea.com\/index.php?rest_route=\/wp\/v2\/users\/1"}],"replies":[{"embeddable":true,"href":"https:\/\/mantenimientoslaorquidea.com\/index.php?rest_route=%2Fwp%2Fv2%2Fcomments&post=358"}],"version-history":[{"count":13,"href":"https:\/\/mantenimientoslaorquidea.com\/index.php?rest_route=\/wp\/v2\/pages\/358\/revisions"}],"predecessor-version":[{"id":734,"href":"https:\/\/mantenimientoslaorquidea.com\/index.php?rest_route=\/wp\/v2\/pages\/358\/revisions\/734"}],"wp:attachment":[{"href":"https:\/\/mantenimientoslaorquidea.com\/index.php?rest_route=%2Fwp%2Fv2%2Fmedia&parent=358"}],"curies":[{"name":"wp","href":"https:\/\/api.w.org\/{rel}","templated":true}]}}